{"id":150,"date":"2019-05-29T10:38:29","date_gmt":"2019-05-29T10:38:29","guid":{"rendered":"https:\/\/christian-koenig.eu\/?page_id=150"},"modified":"2025-02-14T18:04:32","modified_gmt":"2025-02-14T18:04:32","slug":"ueber-mich","status":"publish","type":"page","link":"https:\/\/christian-koenig.eu\/?page_id=150&lang=de","title":{"rendered":"\u00dcber mich"},"content":{"rendered":"\n<h4 class=\"wp-block-heading\">Ich bin ein Zirkusk\u00fcnstler und Balljongleur und lebe in Deutschland. Ich habe 2018 die Zirkusschule \u00c9SAC (\u00e9cole sup\u00e9rieure des arts de cirque) in Br\u00fcssel abgeschlossen.<\/h4>\n\n\n\n<p>Dasselbe nur ausf\u00fchrlicher:<\/p>\n\n\n\n<p>Ich bin in W\u00fcrzburg in S\u00fcddeutschland aufgewachsen, und habe schon zu Grundschulzeiten angefangen zu Jonglieren. Daneben bin ich immer vielen Sportarten nachgegangen wie Volleyball, Klettern oder Capoeira. Nach meiner Schulzeit machte ich ein Freiwilligenjahr beim Kinder- und Jugendzirkus Tasifan in Weimar, wo ich den Zirkus f\u00fcr mich entdeckte. Dort kam alles zusammen, was mir Spa\u00df macht: Jonglieren, Bewegung, Akrobatik, ein gesunder Sinn f\u00fcr Bl\u00f6dsinn und Spa\u00df an den Dingen. <\/p>\n\n\n\n<p>Danach habe ich erst ein Psychologiestudium in Dresden angefangen, aber schnell festgestellt: Auf der B\u00fchne und als Zirkusp\u00e4dagoge lerne ich mehr \u00fcber mich und menschliches Miteinander als in einem theoretischen Studium. Deswegen entschied ich mich an eine Zirkusschule zu gehen und war daraufhin von 2015 bis 2018 in der \u00c9cole sup\u00e9rieure des arts du cirque in Br\u00fcssel mit der Spezialisierung Balljonglage.<\/p>\n\n\n\n<p>In Br\u00fcssel bekam ich viele neuen Inspirationen, gerade aus Tanz und Theater, die ich in meine Jonglage integriere. So suche ich kontinuierlich nach einer eigenen Jonglage mit Bewegung, Rhythmus und Dynamik. Ich benutze gern Comedy und Clownerie in meinen Auff\u00fchrungen und mag es, das Publikum zu \u00fcberraschen und zum Lachen zu bringen.<\/p>\n\n\n\n<p>Ich habe lange als Zirkusp\u00e4dagoge beim Kinderzirkus Tasifan in Weimar gearbeitet. Von 2018 bis 2022 war ich Teil der &#8222;Compagnie Wurst&#8220;. Weiterhin habe ich in dem Kinderkonzert &#8222;Somnia&#8220; der Elbphilharmonie Hamburg mitgewirkt und bin Nachwuchspreistr\u00e4ger des Stra\u00dfenmusikfestivals W\u00fcrzburg (2013).<\/p>\n\n\n\n<p><\/p>\n\n\n\n<h2 class=\"wp-block-heading\"><\/h2>\n","protected":false},"excerpt":{"rendered":"<p>Ich bin ein Zirkusk\u00fcnstler und Balljongleur und lebe in Deutschland. Ich habe 2018 die Zirkusschule \u00c9SAC (\u00e9cole sup\u00e9rieure des arts de cirque) in Br\u00fcssel abgeschlossen. Dasselbe nur ausf\u00fchrlicher: Ich bin in W\u00fcrzburg in S\u00fcddeutschland aufgewachsen, und habe schon zu Grundschulzeiten angefangen zu Jonglieren. Daneben bin ich immer vielen Sportarten nachgegangen wie Volleyball, Klettern oder Capoeira. &hellip; <\/p>\n<p class=\"link-more\"><a href=\"https:\/\/christian-koenig.eu\/?page_id=150&#038;lang=de\" class=\"more-link\"><span class=\"screen-reader-text\">\u201e\u00dcber mich\u201c <\/span>weiterlesen<\/a><\/p>\n","protected":false},"author":1,"featured_media":0,"parent":0,"menu_order":0,"comment_status":"closed","ping_status":"closed","template":"","meta":{"footnotes":""},"class_list":["post-150","page","type-page","status-publish","hentry"],"_links":{"self":[{"href":"https:\/\/christian-koenig.eu\/index.php?rest_route=\/wp\/v2\/pages\/150","targetHints":{"allow":["GET"]}}],"collection":[{"href":"https:\/\/christian-koenig.eu\/index.php?rest_route=\/wp\/v2\/pages"}],"about":[{"href":"https:\/\/christian-koenig.eu\/index.php?rest_route=\/wp\/v2\/types\/page"}],"author":[{"embeddable":true,"href":"https:\/\/christian-koenig.eu\/index.php?rest_route=\/wp\/v2\/users\/1"}],"replies":[{"embeddable":true,"href":"https:\/\/christian-koenig.eu\/index.php?rest_route=%2Fwp%2Fv2%2Fcomments&post=150"}],"version-history":[{"count":3,"href":"https:\/\/christian-koenig.eu\/index.php?rest_route=\/wp\/v2\/pages\/150\/revisions"}],"predecessor-version":[{"id":212,"href":"https:\/\/christian-koenig.eu\/index.php?rest_route=\/wp\/v2\/pages\/150\/revisions\/212"}],"wp:attachment":[{"href":"https:\/\/christian-koenig.eu\/index.php?rest_route=%2Fwp%2Fv2%2Fmedia&parent=150"}],"curies":[{"name":"wp","href":"https:\/\/api.w.org\/{rel}","templated":true}]}}