{"id":153,"date":"2019-05-30T11:50:03","date_gmt":"2019-05-30T11:50:03","guid":{"rendered":"https:\/\/christian-koenig.eu\/?page_id=153"},"modified":"2025-02-14T17:34:44","modified_gmt":"2025-02-14T17:34:44","slug":"shows","status":"publish","type":"page","link":"https:\/\/christian-koenig.eu\/?page_id=153&lang=de","title":{"rendered":"Shows"},"content":{"rendered":"\n<div class=\"wp-block-cover aligncenter is-light\"><span aria-hidden=\"true\" class=\"wp-block-cover__background has-background-dim\"><\/span><img fetchpriority=\"high\" decoding=\"async\" width=\"3543\" height=\"2362\" class=\"wp-block-cover__image-background wp-image-155\" alt=\"\" src=\"https:\/\/christian-koenig.eu\/wp-content\/uploads\/2019\/05\/DSC_4480_10891.jpg\" style=\"object-position:50% 53%\" data-object-fit=\"cover\" data-object-position=\"50% 53%\" srcset=\"https:\/\/christian-koenig.eu\/wp-content\/uploads\/2019\/05\/DSC_4480_10891.jpg 3543w, https:\/\/christian-koenig.eu\/wp-content\/uploads\/2019\/05\/DSC_4480_10891-300x200.jpg 300w, https:\/\/christian-koenig.eu\/wp-content\/uploads\/2019\/05\/DSC_4480_10891-768x512.jpg 768w, https:\/\/christian-koenig.eu\/wp-content\/uploads\/2019\/05\/DSC_4480_10891-1024x683.jpg 1024w\" sizes=\"(max-width: 767px) 89vw, (max-width: 1000px) 54vw, (max-width: 1071px) 543px, 580px\" \/><div class=\"wp-block-cover__inner-container is-layout-flow wp-block-cover-is-layout-flow\">\n<p class=\"has-text-align-center has-very-light-gray-color has-text-color has-large-font-size\">Wenn ich gro\u00df bin<\/p>\n<\/div><\/div>\n\n\n\n<h6 class=\"wp-block-heading\">Ein humorvolles und poetisches St\u00fcck \u00fcber einen Jongleur auf der Suche nach sich selbst.<\/h6>\n\n\n\n<p>Ein Jongleur sucht nach sich selbst und findet statt Antworten nur noch mehr Fragen.  <br>Ist er ein Ball&nbsp;?&nbsp; Ist der Ball er? Oder ist er gar eine Operndiva?<br>Mit Humor und Leichtigkeit erz\u00e4hlt Christian eine Geschichte \u00fcber Tr\u00e4ume, Hoffnung und Verwirrungen. <br>Eine clowneske und poetische Balljonglagenummer.  <\/p>\n\n\n\n<p>L\u00e4nge: 7:30 Minuten<\/p>\n\n\n\n<div class=\"wp-block-button is-style-fill\"><a class=\"wp-block-button__link has-vivid-red-color has-very-light-gray-background-color has-text-color has-background wp-element-button\" href=\"https:\/\/christian-koenig.eu\/?page_id=162&amp;lang=de\">Zum Video<\/a><\/div>\n\n\n\n<p><\/p>\n\n\n\n<p><\/p>\n\n\n\n<div class=\"wp-block-cover\" style=\"min-height:455px;aspect-ratio:unset;\"><span aria-hidden=\"true\" class=\"wp-block-cover__background has-background-dim-30 has-background-dim\"><\/span><img decoding=\"async\" width=\"2048\" height=\"2560\" class=\"wp-block-cover__image-background wp-image-197\" alt=\"\" src=\"https:\/\/christian-koenig.eu\/wp-content\/uploads\/2025\/02\/240904_0908_25._Freiburger_Jonglierfestival_1240-scaled.jpg\" style=\"object-position:71% 57%\" data-object-fit=\"cover\" data-object-position=\"71% 57%\" srcset=\"https:\/\/christian-koenig.eu\/wp-content\/uploads\/2025\/02\/240904_0908_25._Freiburger_Jonglierfestival_1240-scaled.jpg 2048w, https:\/\/christian-koenig.eu\/wp-content\/uploads\/2025\/02\/240904_0908_25._Freiburger_Jonglierfestival_1240-240x300.jpg 240w, https:\/\/christian-koenig.eu\/wp-content\/uploads\/2025\/02\/240904_0908_25._Freiburger_Jonglierfestival_1240-819x1024.jpg 819w, https:\/\/christian-koenig.eu\/wp-content\/uploads\/2025\/02\/240904_0908_25._Freiburger_Jonglierfestival_1240-768x960.jpg 768w, https:\/\/christian-koenig.eu\/wp-content\/uploads\/2025\/02\/240904_0908_25._Freiburger_Jonglierfestival_1240-1229x1536.jpg 1229w, https:\/\/christian-koenig.eu\/wp-content\/uploads\/2025\/02\/240904_0908_25._Freiburger_Jonglierfestival_1240-1638x2048.jpg 1638w\" sizes=\"(max-width: 767px) 89vw, (max-width: 1000px) 54vw, (max-width: 1071px) 543px, 580px\" \/><div class=\"wp-block-cover__inner-container is-layout-constrained wp-block-cover-is-layout-constrained\">\n<p class=\"has-text-align-center has-large-font-size\">Ping Pong Hallelujah<\/p>\n<\/div><\/div>\n\n\n\n<p><\/p>\n\n\n\n<p><strong>Eine mitrei\u00dfende und unterhaltsame Show: Jonglage und Comedy mit Tischtennisschl\u00e4gern und -b\u00e4llen<\/strong>.<\/p>\n\n\n\n<p>Zu fetziger Swingmusik zeigt der Jongleur und Sportsmann, was man alles mit Tischennisb\u00e4llen und -schl\u00e4gern anstellen kann. Tempojonglage und absurde Comedy mit vollem K\u00f6rpereinsatz.<\/p>\n\n\n\n<p>L\u00e4nge: ca. 8 Minuten<\/p>\n\n\n\n<div class=\"wp-block-buttons is-horizontal is-content-justification-left is-layout-flex wp-container-core-buttons-is-layout-7e5fce0a wp-block-buttons-is-layout-flex\">\n<div class=\"wp-block-button is-style-fill\"><a class=\"wp-block-button__link has-vivid-red-color has-text-color has-link-color wp-element-button\" href=\"https:\/\/christian-koenig.eu\/?page_id=162&amp;lang=de\">Zum Video<\/a><\/div>\n<\/div>\n\n\n\n<p><\/p>\n","protected":false},"excerpt":{"rendered":"<p>Ein humorvolles und poetisches St\u00fcck \u00fcber einen Jongleur auf der Suche nach sich selbst. Ein Jongleur sucht nach sich selbst und findet statt Antworten nur noch mehr Fragen. Ist er ein Ball&nbsp;?&nbsp; Ist der Ball er? Oder ist er gar eine Operndiva?Mit Humor und Leichtigkeit erz\u00e4hlt Christian eine Geschichte \u00fcber Tr\u00e4ume, Hoffnung und Verwirrungen. Eine &hellip; <\/p>\n<p class=\"link-more\"><a href=\"https:\/\/christian-koenig.eu\/?page_id=153&#038;lang=de\" class=\"more-link\"><span class=\"screen-reader-text\">\u201eShows\u201c <\/span>weiterlesen<\/a><\/p>\n","protected":false},"author":1,"featured_media":0,"parent":0,"menu_order":0,"comment_status":"closed","ping_status":"closed","template":"","meta":{"footnotes":""},"class_list":["post-153","page","type-page","status-publish","hentry"],"_links":{"self":[{"href":"https:\/\/christian-koenig.eu\/index.php?rest_route=\/wp\/v2\/pages\/153","targetHints":{"allow":["GET"]}}],"collection":[{"href":"https:\/\/christian-koenig.eu\/index.php?rest_route=\/wp\/v2\/pages"}],"about":[{"href":"https:\/\/christian-koenig.eu\/index.php?rest_route=\/wp\/v2\/types\/page"}],"author":[{"embeddable":true,"href":"https:\/\/christian-koenig.eu\/index.php?rest_route=\/wp\/v2\/users\/1"}],"replies":[{"embeddable":true,"href":"https:\/\/christian-koenig.eu\/index.php?rest_route=%2Fwp%2Fv2%2Fcomments&post=153"}],"version-history":[{"count":15,"href":"https:\/\/christian-koenig.eu\/index.php?rest_route=\/wp\/v2\/pages\/153\/revisions"}],"predecessor-version":[{"id":208,"href":"https:\/\/christian-koenig.eu\/index.php?rest_route=\/wp\/v2\/pages\/153\/revisions\/208"}],"wp:attachment":[{"href":"https:\/\/christian-koenig.eu\/index.php?rest_route=%2Fwp%2Fv2%2Fmedia&parent=153"}],"curies":[{"name":"wp","href":"https:\/\/api.w.org\/{rel}","templated":true}]}}